{"id":3166,"date":"2022-05-31T15:03:04","date_gmt":"2022-05-31T14:03:04","guid":{"rendered":"http:\/\/centrelolivier.fr\/col\/?page_id=3166"},"modified":"2026-03-19T13:18:50","modified_gmt":"2026-03-19T12:18:50","slug":"prendre-rdv","status":"publish","type":"page","link":"https:\/\/centrelolivier.fr\/col\/prendre-rdv\/","title":{"rendered":"PRENDRE RDV"},"content":{"rendered":"\t\t<div data-elementor-type=\"wp-page\" data-elementor-id=\"3166\" class=\"elementor elementor-3166\">\n\t\t\t\t\t\t\t\t\t<section class=\"elementor-section elementor-top-section elementor-element elementor-element-74e30f9 elementor-section-boxed elementor-section-height-default elementor-section-height-default\" data-id=\"74e30f9\" data-element_type=\"section\">\n\t\t\t\t\t\t<div class=\"elementor-container elementor-column-gap-default\">\n\t\t\t\t\t<div class=\"elementor-column elementor-col-100 elementor-top-column elementor-element elementor-element-26986ce\" data-id=\"26986ce\" data-element_type=\"column\">\n\t\t\t<div class=\"elementor-widget-wrap elementor-element-populated\">\n\t\t\t\t\t\t\t\t<div class=\"elementor-element elementor-element-c76829d elementor-widget elementor-widget-image\" data-id=\"c76829d\" data-element_type=\"widget\" data-widget_type=\"image.default\">\n\t\t\t\t<div class=\"elementor-widget-container\">\n\t\t\t<style>\/*! elementor - v3.6.5 - 27-04-2022 *\/\n.elementor-widget-image{text-align:center}.elementor-widget-image a{display:inline-block}.elementor-widget-image a img[src$=\".svg\"]{width:48px}.elementor-widget-image img{vertical-align:middle;display:inline-block}<\/style>\t\t\t\t\t\t\t\t\t\t\t\t<img width=\"768\" height=\"576\" src=\"https:\/\/centrelolivier.fr\/col\/wp-content\/uploads\/2025\/01\/IMG_6684-768x576.jpg\" class=\"attachment-medium_large size-medium_large\" alt=\"\" loading=\"lazy\" srcset=\"https:\/\/centrelolivier.fr\/col\/wp-content\/uploads\/2025\/01\/IMG_6684-768x576.jpg 768w, https:\/\/centrelolivier.fr\/col\/wp-content\/uploads\/2025\/01\/IMG_6684-300x225.jpg 300w, https:\/\/centrelolivier.fr\/col\/wp-content\/uploads\/2025\/01\/IMG_6684-1024x768.jpg 1024w, https:\/\/centrelolivier.fr\/col\/wp-content\/uploads\/2025\/01\/IMG_6684-1536x1152.jpg 1536w, https:\/\/centrelolivier.fr\/col\/wp-content\/uploads\/2025\/01\/IMG_6684-2048x1536.jpg 2048w, https:\/\/centrelolivier.fr\/col\/wp-content\/uploads\/2025\/01\/IMG_6684-600x450.jpg 600w\" sizes=\"(max-width: 768px) 100vw, 768px\" \/>\t\t\t\t\t\t\t\t\t\t\t\t\t\t\t<\/div>\n\t\t\t\t<\/div>\n\t\t\t\t\t<\/div>\n\t\t<\/div>\n\t\t\t\t\t\t\t<\/div>\n\t\t<\/section>\n\t\t\t\t<section class=\"elementor-section elementor-top-section elementor-element elementor-element-99554a3 elementor-section-boxed elementor-section-height-default elementor-section-height-default\" data-id=\"99554a3\" data-element_type=\"section\">\n\t\t\t\t\t\t<div class=\"elementor-container elementor-column-gap-default\">\n\t\t\t\t\t<div class=\"elementor-column elementor-col-100 elementor-top-column elementor-element elementor-element-489728c\" data-id=\"489728c\" data-element_type=\"column\">\n\t\t\t<div class=\"elementor-widget-wrap elementor-element-populated\">\n\t\t\t\t\t\t\t\t<div class=\"elementor-element elementor-element-e53ba88 elementor-widget elementor-widget-text-editor\" data-id=\"e53ba88\" data-element_type=\"widget\" data-widget_type=\"text-editor.default\">\n\t\t\t\t<div class=\"elementor-widget-container\">\n\t\t\t<style>\/*! elementor - v3.6.5 - 27-04-2022 *\/\n.elementor-widget-text-editor.elementor-drop-cap-view-stacked .elementor-drop-cap{background-color:#818a91;color:#fff}.elementor-widget-text-editor.elementor-drop-cap-view-framed .elementor-drop-cap{color:#818a91;border:3px solid;background-color:transparent}.elementor-widget-text-editor:not(.elementor-drop-cap-view-default) .elementor-drop-cap{margin-top:8px}.elementor-widget-text-editor:not(.elementor-drop-cap-view-default) .elementor-drop-cap-letter{width:1em;height:1em}.elementor-widget-text-editor .elementor-drop-cap{float:left;text-align:center;line-height:1;font-size:50px}.elementor-widget-text-editor .elementor-drop-cap-letter{display:inline-block}<\/style>\t\t\t\t<p class=\"has-medium-font-size\" style=\"font-family: 'Open Sans', sans-serif; font-style: normal; font-weight: 400; text-align: justify; font-size: var(--wp--preset--font-size--medium) !important;\">Vous ressentez des peurs, des freins des douleurs psychiques et\/ou physiques, pour aller mieux et avancer dans votre vie&#8230; Nos th\u00e9rapeutes et coachs vous accompagnent gr\u00e2ce \u00e0 des approches alternatives compl\u00e9mentaires :<\/p><p class=\"has-medium-font-size\" style=\"text-align: left; padding-left: 40px;\"><b>Alix Roques<\/b> &#8211; 06\u00a084 97 17 77<br \/>&#8211; Pilates, Massages th\u00e9rapeutiques et \u00e9nerg\u00e9tiques, Constellations familiales<\/p><p class=\"has-medium-font-size\" style=\"text-align: left; padding-left: 40px;\"><b>Ann&rsquo;Fleur Bouillant <\/b> &#8211; 06 12 63 65 03<br \/>&#8211; Bio\u00e9nerg\u00e9tique, Kin\u00e9siologie, Soins \u00e9nerg\u00e9tiques<\/p><p class=\"has-medium-font-size\" style=\"text-align: left; padding-left: 40px;\"><b>Nelly Cugnod\u00a0<\/b> &#8211; 06 10 33 32 10<br \/>&#8211; Coach enfants et adolescents, M\u00e9diation familiale, Hypnose<\/p><p class=\"has-medium-font-size\" style=\"text-align: left; padding-left: 40px;\"><b>Marion Bertora\u00a0<\/b> &#8211; 06 33 75 40 27<br \/>&#8211; Ost\u00e9opathe<\/p><p class=\"has-medium-font-size\" style=\"text-align: left; padding-left: 40px;\"><b>Laurence Teissier <\/b>&#8211; 06 07 14 41 03<br \/>&#8211; Kin\u00e9siologie, Psychog\u00e9n\u00e9alogie<\/p><p class=\"has-medium-font-size\" style=\"text-align: left; padding-left: 40px;\"><b>C\u00e9line Winther <\/b>&#8211; 06 60 92 77 61<br \/>&#8211; R\u00e9flexologue certifi\u00e9e<\/p><p class=\"has-medium-font-size\" style=\"text-align: left; padding-left: 40px;\"><b>Pauline Cavanna <\/b>&#8211; 06 16 19 74 44<br \/>&#8211; Fascias-th\u00e9rapie, Massage<\/p>\t\t\t\t\t\t<\/div>\n\t\t\t\t<\/div>\n\t\t\t\t<div class=\"elementor-element elementor-element-116a638 elementor-widget elementor-widget-text-editor\" data-id=\"116a638\" data-element_type=\"widget\" data-widget_type=\"text-editor.default\">\n\t\t\t\t<div class=\"elementor-widget-container\">\n\t\t\t\t\t\t\t<p style=\"font-family: 'Open Sans', sans-serif; font-size: 34px; font-style: normal; font-weight: 400; text-align: center;\"><strong>Centre l\u2019Olivier<\/strong><\/p>\n<p style=\"font-family: 'Open Sans', sans-serif; font-size: 18px; font-style: normal; font-weight: 400; text-align: center;\">85 Rue des Oliviers<\/p>\n<p style=\"font-family: 'Open Sans', sans-serif; font-size: 18px; font-style: normal; font-weight: 400; text-align: center;\">13540 Puyricard &#8211; Aix-en-Provence<\/p>\t\t\t\t\t\t<\/div>\n\t\t\t\t<\/div>\n\t\t\t\t<div class=\"elementor-element elementor-element-913739f elementor-widget elementor-widget-image\" data-id=\"913739f\" data-element_type=\"widget\" data-widget_type=\"image.default\">\n\t\t\t\t<div class=\"elementor-widget-container\">\n\t\t\t\t\t\t\t\t\t\t\t\t\t\t\t<img width=\"569\" height=\"397\" src=\"https:\/\/centrelolivier.fr\/col\/wp-content\/uploads\/2022\/06\/image_2022-06-06_214237918.png\" class=\"attachment-full size-full\" alt=\"\" loading=\"lazy\" srcset=\"https:\/\/centrelolivier.fr\/col\/wp-content\/uploads\/2022\/06\/image_2022-06-06_214237918.png 569w, https:\/\/centrelolivier.fr\/col\/wp-content\/uploads\/2022\/06\/image_2022-06-06_214237918-300x209.png 300w\" sizes=\"(max-width: 569px) 100vw, 569px\" \/>\t\t\t\t\t\t\t\t\t\t\t\t\t\t\t<\/div>\n\t\t\t\t<\/div>\n\t\t\t\t\t<\/div>\n\t\t<\/div>\n\t\t\t\t\t\t\t<\/div>\n\t\t<\/section>\n\t\t\t\t<section class=\"elementor-section elementor-top-section elementor-element elementor-element-f151e83 elementor-section-boxed elementor-section-height-default elementor-section-height-default\" data-id=\"f151e83\" data-element_type=\"section\">\n\t\t\t\t\t\t<div class=\"elementor-container elementor-column-gap-default\">\n\t\t\t\t\t<div class=\"elementor-column elementor-col-100 elementor-top-column elementor-element elementor-element-e9ab0c7\" data-id=\"e9ab0c7\" data-element_type=\"column\" data-settings=\"{&quot;background_background&quot;:&quot;classic&quot;}\">\n\t\t\t<div class=\"elementor-widget-wrap\">\n\t\t\t\t\t\t\t\t\t<\/div>\n\t\t<\/div>\n\t\t\t\t\t\t\t<\/div>\n\t\t<\/section>\n\t\t\t\t\t\t\t<\/div>\n\t\t","protected":false},"excerpt":{"rendered":"<p>Vous ressentez des peurs, des freins des douleurs psychiques et\/ou physiques, pour aller mieux et avancer dans votre vie&#8230; Nos th\u00e9rapeutes et coachs vous accompagnent gr\u00e2ce \u00e0 des approches alternatives compl\u00e9mentaires : Alix Roques &#8211; 06\u00a084 97 17 77&#8211; Pilates, Massages th\u00e9rapeutiques et \u00e9nerg\u00e9tiques, Constellations familiales Ann&rsquo;Fleur Bouillant &#8211; 06 12 63 65 03&#8211; Bio\u00e9nerg\u00e9tique, [&hellip;]<\/p>\n","protected":false},"author":1,"featured_media":0,"parent":0,"menu_order":0,"comment_status":"closed","ping_status":"closed","template":"elementor_header_footer","meta":[],"_links":{"self":[{"href":"https:\/\/centrelolivier.fr\/col\/wp-json\/wp\/v2\/pages\/3166"}],"collection":[{"href":"https:\/\/centrelolivier.fr\/col\/wp-json\/wp\/v2\/pages"}],"about":[{"href":"https:\/\/centrelolivier.fr\/col\/wp-json\/wp\/v2\/types\/page"}],"author":[{"embeddable":true,"href":"https:\/\/centrelolivier.fr\/col\/wp-json\/wp\/v2\/users\/1"}],"replies":[{"embeddable":true,"href":"https:\/\/centrelolivier.fr\/col\/wp-json\/wp\/v2\/comments?post=3166"}],"version-history":[{"count":126,"href":"https:\/\/centrelolivier.fr\/col\/wp-json\/wp\/v2\/pages\/3166\/revisions"}],"predecessor-version":[{"id":3957,"href":"https:\/\/centrelolivier.fr\/col\/wp-json\/wp\/v2\/pages\/3166\/revisions\/3957"}],"wp:attachment":[{"href":"https:\/\/centrelolivier.fr\/col\/wp-json\/wp\/v2\/media?parent=3166"}],"curies":[{"name":"wp","href":"https:\/\/api.w.org\/{rel}","templated":true}]}}