{"id":3316,"date":"2022-06-07T14:36:21","date_gmt":"2022-06-07T13:36:21","guid":{"rendered":"http:\/\/centrelolivier.fr\/col\/?page_id=3316"},"modified":"2023-10-21T14:52:33","modified_gmt":"2023-10-21T13:52:33","slug":"new-page-2","status":"publish","type":"page","link":"https:\/\/centrelolivier.fr\/col\/","title":{"rendered":"BIENVENUE #2"},"content":{"rendered":"\t\t<div data-elementor-type=\"wp-page\" data-elementor-id=\"3316\" class=\"elementor elementor-3316\">\n\t\t\t\t\t\t\t\t\t<section class=\"elementor-section elementor-top-section elementor-element elementor-element-25a83617 elementor-section-boxed elementor-section-height-default elementor-section-height-default\" data-id=\"25a83617\" data-element_type=\"section\">\n\t\t\t\t\t\t<div class=\"elementor-container elementor-column-gap-default\">\n\t\t\t\t\t<div class=\"elementor-column elementor-col-100 elementor-top-column elementor-element elementor-element-3a94199\" data-id=\"3a94199\" data-element_type=\"column\">\n\t\t\t<div class=\"elementor-widget-wrap elementor-element-populated\">\n\t\t\t\t\t\t\t\t<div class=\"elementor-element elementor-element-72c4f065 elementor-widget elementor-widget-text-editor\" data-id=\"72c4f065\" data-element_type=\"widget\" data-widget_type=\"text-editor.default\">\n\t\t\t\t<div class=\"elementor-widget-container\">\n\t\t\t<style>\/*! elementor - v3.6.5 - 27-04-2022 *\/\n.elementor-widget-text-editor.elementor-drop-cap-view-stacked .elementor-drop-cap{background-color:#818a91;color:#fff}.elementor-widget-text-editor.elementor-drop-cap-view-framed .elementor-drop-cap{color:#818a91;border:3px solid;background-color:transparent}.elementor-widget-text-editor:not(.elementor-drop-cap-view-default) .elementor-drop-cap{margin-top:8px}.elementor-widget-text-editor:not(.elementor-drop-cap-view-default) .elementor-drop-cap-letter{width:1em;height:1em}.elementor-widget-text-editor .elementor-drop-cap{float:left;text-align:center;line-height:1;font-size:50px}.elementor-widget-text-editor .elementor-drop-cap-letter{display:inline-block}<\/style>\t\t\t\t<p><!-- wp:image {\"align\":\"center\",\"id\":2901,\"sizeSlug\":\"full\",\"linkDestination\":\"none\",\"className\":\"is-style-default\"} --><\/p>\n<div class=\"wp-block-image is-style-default\">\n<figure class=\"aligncenter size-full\"><img loading=\"lazy\" width=\"437\" height=\"418\" class=\"wp-image-2901\" src=\"http:\/\/centrelolivier.fr\/col\/wp-content\/uploads\/2022\/04\/tree.png\" alt=\"\" srcset=\"https:\/\/centrelolivier.fr\/col\/wp-content\/uploads\/2022\/04\/tree.png 437w, https:\/\/centrelolivier.fr\/col\/wp-content\/uploads\/2022\/04\/tree-300x287.png 300w\" sizes=\"(max-width: 437px) 100vw, 437px\" \/><\/figure>\n<\/div>\n<p><!-- \/wp:image --><\/p>\n<p><!-- wp:shortcode --><br \/><div class=\"fruitful_description_box\"><div class=\"fruitful_description shadow-type-1 \" id=\"desc-box-64\"><span class=\"top_line\"><\/span><div class=\"text\" style=\" font-size: 40px; text-transform : uppercase; text-align: center; font-weight: 300; line-height: 1.2;\"><span style=\"color: #ff6600;\">Bienvenue au Centre l&rsquo;Olivier<\/span><\/div><span class=\"bottom_line\"><\/span><\/div><\/div><div class=\"clearfix\"><\/div><\/p>\n<p><!-- \/wp:image --><\/p>\t\t\t\t\t\t<\/div>\n\t\t\t\t<\/div>\n\t\t\t\t\t<\/div>\n\t\t<\/div>\n\t\t\t\t\t\t\t<\/div>\n\t\t<\/section>\n\t\t\t\t<section class=\"elementor-section elementor-top-section elementor-element elementor-element-93fcda4 elementor-section-boxed elementor-section-height-default elementor-section-height-default\" data-id=\"93fcda4\" data-element_type=\"section\">\n\t\t\t\t\t\t<div class=\"elementor-container elementor-column-gap-default\">\n\t\t\t\t\t<div class=\"elementor-column elementor-col-33 elementor-top-column elementor-element elementor-element-955a599\" data-id=\"955a599\" data-element_type=\"column\">\n\t\t\t<div class=\"elementor-widget-wrap elementor-element-populated\">\n\t\t\t\t\t\t\t\t<div class=\"elementor-element elementor-element-a63384a elementor-widget elementor-widget-image\" data-id=\"a63384a\" data-element_type=\"widget\" data-widget_type=\"image.default\">\n\t\t\t\t<div class=\"elementor-widget-container\">\n\t\t\t<style>\/*! elementor - v3.6.5 - 27-04-2022 *\/\n.elementor-widget-image{text-align:center}.elementor-widget-image a{display:inline-block}.elementor-widget-image a img[src$=\".svg\"]{width:48px}.elementor-widget-image img{vertical-align:middle;display:inline-block}<\/style>\t\t\t\t\t\t\t\t\t\t\t\t<img width=\"300\" height=\"293\" src=\"https:\/\/centrelolivier.fr\/col\/wp-content\/uploads\/2022\/06\/olivier.-300x293.png\" class=\"attachment-medium size-medium\" alt=\"\" loading=\"lazy\" srcset=\"https:\/\/centrelolivier.fr\/col\/wp-content\/uploads\/2022\/06\/olivier.-300x293.png 300w, https:\/\/centrelolivier.fr\/col\/wp-content\/uploads\/2022\/06\/olivier..png 564w\" sizes=\"(max-width: 300px) 100vw, 300px\" \/>\t\t\t\t\t\t\t\t\t\t\t\t\t\t\t<\/div>\n\t\t\t\t<\/div>\n\t\t\t\t\t<\/div>\n\t\t<\/div>\n\t\t\t\t<div class=\"elementor-column elementor-col-66 elementor-top-column elementor-element elementor-element-5e5522b\" data-id=\"5e5522b\" data-element_type=\"column\">\n\t\t\t<div class=\"elementor-widget-wrap elementor-element-populated\">\n\t\t\t\t\t\t\t\t<div class=\"elementor-element elementor-element-c124673 elementor-widget elementor-widget-text-editor\" data-id=\"c124673\" data-element_type=\"widget\" data-widget_type=\"text-editor.default\">\n\t\t\t\t<div class=\"elementor-widget-container\">\n\t\t\t\t\t\t\t<p class=\"has-medium-font-size\" style=\"font-family: 'Open Sans', sans-serif; font-style: normal; font-weight: 400; text-align: justify; font-size: var(--wp--preset--font-size--medium) !important;\">Le Centre l\u2019Olivier, un lieu bienveillant pour une approche holistique. Nous prenons soin de votre corps &amp; de votre esprit&#8230;<\/p>\n<p class=\"has-medium-font-size\" style=\"font-family: 'Open Sans', sans-serif; font-style: normal; font-weight: 400; text-align: justify; font-size: var(--wp--preset--font-size--medium) !important;\">Dans ce lieu unique, des professionnels de la sant\u00e9 &amp; du bien \u00eatre, des praticiens holistiques &amp; des formateurs vous aident \u00e0 prendre soin de vous.<\/p>\t\t\t\t\t\t<\/div>\n\t\t\t\t<\/div>\n\t\t\t\t\t<\/div>\n\t\t<\/div>\n\t\t\t\t\t\t\t<\/div>\n\t\t<\/section>\n\t\t\t\t<section class=\"elementor-section elementor-top-section elementor-element elementor-element-2e52488 elementor-section-boxed elementor-section-height-default elementor-section-height-default\" data-id=\"2e52488\" data-element_type=\"section\">\n\t\t\t\t\t\t<div class=\"elementor-container elementor-column-gap-default\">\n\t\t\t\t\t<div class=\"elementor-column elementor-col-100 elementor-top-column elementor-element elementor-element-563efae\" data-id=\"563efae\" data-element_type=\"column\">\n\t\t\t<div class=\"elementor-widget-wrap elementor-element-populated\">\n\t\t\t\t\t\t\t\t<div class=\"elementor-element elementor-element-8967d38 elementor-widget elementor-widget-text-editor\" data-id=\"8967d38\" data-element_type=\"widget\" data-widget_type=\"text-editor.default\">\n\t\t\t\t<div class=\"elementor-widget-container\">\n\t\t\t\t\t\t\t<p><span style=\"font-family: 'Open Sans', sans-serif; font-size: 20px; font-style: normal; font-weight: 400; text-align: justify;\"><b>Le Centre l\u2019Olivier est un espace de soins alternatifs:\u00a0 massages bien \u00eatre &amp; th\u00e9rapeutiques, coaching, soins \u00e9nerg\u00e9tiques, constellations familiales, &#8230;<\/b><\/span><\/p>\t\t\t\t\t\t<\/div>\n\t\t\t\t<\/div>\n\t\t\t\t\t<\/div>\n\t\t<\/div>\n\t\t\t\t\t\t\t<\/div>\n\t\t<\/section>\n\t\t\t\t<section class=\"elementor-section elementor-top-section elementor-element elementor-element-6be671c elementor-section-boxed elementor-section-height-default elementor-section-height-default\" data-id=\"6be671c\" data-element_type=\"section\">\n\t\t\t\t\t\t<div class=\"elementor-container elementor-column-gap-default\">\n\t\t\t\t\t<div class=\"elementor-column elementor-col-100 elementor-top-column elementor-element elementor-element-bf8aa1f\" data-id=\"bf8aa1f\" data-element_type=\"column\">\n\t\t\t<div class=\"elementor-widget-wrap elementor-element-populated\">\n\t\t\t\t\t\t\t\t<div class=\"elementor-element elementor-element-47ffb45 elementor-widget elementor-widget-image\" data-id=\"47ffb45\" data-element_type=\"widget\" data-widget_type=\"image.default\">\n\t\t\t\t<div class=\"elementor-widget-container\">\n\t\t\t\t\t\t\t\t\t\t\t\t\t\t\t<img width=\"913\" height=\"437\" src=\"https:\/\/centrelolivier.fr\/col\/wp-content\/uploads\/2022\/04\/cheminer.png\" class=\"attachment-large size-large\" alt=\"\" loading=\"lazy\" srcset=\"https:\/\/centrelolivier.fr\/col\/wp-content\/uploads\/2022\/04\/cheminer.png 913w, https:\/\/centrelolivier.fr\/col\/wp-content\/uploads\/2022\/04\/cheminer-600x287.png 600w, https:\/\/centrelolivier.fr\/col\/wp-content\/uploads\/2022\/04\/cheminer-300x144.png 300w, https:\/\/centrelolivier.fr\/col\/wp-content\/uploads\/2022\/04\/cheminer-768x368.png 768w\" sizes=\"(max-width: 913px) 100vw, 913px\" \/>\t\t\t\t\t\t\t\t\t\t\t\t\t\t\t<\/div>\n\t\t\t\t<\/div>\n\t\t\t\t\t<\/div>\n\t\t<\/div>\n\t\t\t\t\t\t\t<\/div>\n\t\t<\/section>\n\t\t\t\t<section class=\"elementor-section elementor-top-section elementor-element elementor-element-a50b53d elementor-section-boxed elementor-section-height-default elementor-section-height-default\" data-id=\"a50b53d\" data-element_type=\"section\">\n\t\t\t\t\t\t<div class=\"elementor-container elementor-column-gap-default\">\n\t\t\t\t\t<div class=\"elementor-column elementor-col-100 elementor-top-column elementor-element elementor-element-0382890\" data-id=\"0382890\" data-element_type=\"column\">\n\t\t\t<div class=\"elementor-widget-wrap elementor-element-populated\">\n\t\t\t\t\t\t\t\t<div class=\"elementor-element elementor-element-1d09d77 elementor-widget elementor-widget-text-editor\" data-id=\"1d09d77\" data-element_type=\"widget\" data-widget_type=\"text-editor.default\">\n\t\t\t\t<div class=\"elementor-widget-container\">\n\t\t\t\t\t\t\t\t\t\t\t\t\t<\/div>\n\t\t\t\t<\/div>\n\t\t\t\t\t<\/div>\n\t\t<\/div>\n\t\t\t\t\t\t\t<\/div>\n\t\t<\/section>\n\t\t\t\t\t\t\t<\/div>\n\t\t","protected":false},"excerpt":{"rendered":"<p>Le Centre l\u2019Olivier, un lieu bienveillant pour une approche holistique. Nous prenons soin de votre corps &amp; de votre esprit&#8230; Dans ce lieu unique, des professionnels de la sant\u00e9 &amp; du bien \u00eatre, des praticiens holistiques &amp; des formateurs vous aident \u00e0 prendre soin de vous. Le Centre l\u2019Olivier est un espace de soins alternatifs:\u00a0 [&hellip;]<\/p>\n","protected":false},"author":1,"featured_media":0,"parent":0,"menu_order":0,"comment_status":"closed","ping_status":"closed","template":"elementor_header_footer","meta":[],"_links":{"self":[{"href":"https:\/\/centrelolivier.fr\/col\/wp-json\/wp\/v2\/pages\/3316"}],"collection":[{"href":"https:\/\/centrelolivier.fr\/col\/wp-json\/wp\/v2\/pages"}],"about":[{"href":"https:\/\/centrelolivier.fr\/col\/wp-json\/wp\/v2\/types\/page"}],"author":[{"embeddable":true,"href":"https:\/\/centrelolivier.fr\/col\/wp-json\/wp\/v2\/users\/1"}],"replies":[{"embeddable":true,"href":"https:\/\/centrelolivier.fr\/col\/wp-json\/wp\/v2\/comments?post=3316"}],"version-history":[{"count":24,"href":"https:\/\/centrelolivier.fr\/col\/wp-json\/wp\/v2\/pages\/3316\/revisions"}],"predecessor-version":[{"id":3654,"href":"https:\/\/centrelolivier.fr\/col\/wp-json\/wp\/v2\/pages\/3316\/revisions\/3654"}],"wp:attachment":[{"href":"https:\/\/centrelolivier.fr\/col\/wp-json\/wp\/v2\/media?parent=3316"}],"curies":[{"name":"wp","href":"https:\/\/api.w.org\/{rel}","templated":true}]}}